{"id":448,"date":"2018-04-04T07:58:03","date_gmt":"2018-04-04T07:58:03","guid":{"rendered":"http:\/\/curly.mikado-themes.com\/?page_id=448"},"modified":"2022-10-19T15:59:47","modified_gmt":"2022-10-19T18:59:47","slug":"contact-us","status":"publish","type":"page","link":"https:\/\/www.realcecia.com.br\/site\/contact-us\/","title":{"rendered":"Fale Conosco"},"content":{"rendered":"<p>[vc_row][vc_column]<div class=\"mkdf-google-map-holder\">\n    <div class=\"mkdf-google-map\" id=\"mkdf-map-507022\" data-addresses='[\"Av. Anhnaguera, 388 Sao Rqoue Sao Paulo\"]' data-custom-map-style=no data-color-overlay=#393939 data-saturation=-100 data-lightness=-60 data-zoom=15 data-pin=https:\/\/www.realcecia.com.br\/site\/wp-content\/uploads\/2018\/04\/h1-map-pin.png data-unique-id=507022 data-scroll-wheel=no data-height=500 data-snazzy-map-style=yes><\/div>\n    \t\t        <input type=\"hidden\" class=\"mkdf-snazzy-map\" value=\"`{`\n{\n``featureType``: ``landscape``,\n``stylers``: `{`\n{\n``hue``: ``#FFBB00``\n},\n{\n``saturation``: 43.400000000000006\n},\n{\n``lightness``: 37.599999999999994\n},\n{\n``gamma``: 1\n}\n`}`\n},\n{\n``featureType``: ``road.highway``,\n``stylers``: `{`\n{\n``hue``: ``#FFC200``\n},\n{\n``saturation``: -61.8\n},\n{\n``lightness``: 45.599999999999994\n},\n{\n``gamma``: 1\n}\n`}`\n},\n{\n``featureType``: ``road.arterial``,\n``stylers``: `{`\n{\n``hue``: ``#FF0300``\n},\n{\n``saturation``: -100\n},\n{\n``lightness``: 51.19999999999999\n},\n{\n``gamma``: 1\n}\n`}`\n},\n{\n``featureType``: ``road.local``,\n``stylers``: `{`\n{\n``hue``: ``#FF0300``\n},\n{\n``saturation``: -100\n},\n{\n``lightness``: 52\n},\n{\n``gamma``: 1\n}\n`}`\n},\n{\n``featureType``: ``water``,\n``stylers``: `{`\n{\n``hue``: ``#0078FF``\n},\n{\n``saturation``: -13.200000000000003\n},\n{\n``lightness``: 2.4000000000000057\n},\n{\n``gamma``: 1\n}\n`}`\n},\n{\n``featureType``: ``poi``,\n``stylers``: `{`\n{\n``hue``: ``#00FF6A``\n},\n{\n``saturation``: -1.0989010989011234\n},\n{\n``lightness``: 11.200000000000017\n},\n{\n``gamma``: 1\n}\n`}`\n}\n`}`\"\/>\n                <div class=\"mkdf-google-map-overlay\"><\/div>\n    <\/div>\n[\/vc_column][\/vc_row][vc_row row_content_width=&#8221;grid&#8221; simple_background_color=&#8221;#141414&#8243; css=&#8221;.vc_custom_1524135464038{padding-top: 75px !important;padding-bottom: 59px !important;}&#8221;][vc_column]\n<div class=\"wpcf7 no-js\" id=\"wpcf7-f5-o1\" lang=\"en-US\" dir=\"ltr\" data-wpcf7-id=\"5\">\n<div class=\"screen-reader-response\"><p role=\"status\" aria-live=\"polite\" aria-atomic=\"true\"><\/p> <ul><\/ul><\/div>\n<form action=\"\/site\/wp-json\/wp\/v2\/pages\/448#wpcf7-f5-o1\" method=\"post\" class=\"wpcf7-form init cf7_custom_style_1\" aria-label=\"Contact form\" novalidate=\"novalidate\" data-status=\"init\">\n<fieldset class=\"hidden-fields-container\"><input type=\"hidden\" name=\"_wpcf7\" value=\"5\" \/><input type=\"hidden\" name=\"_wpcf7_version\" value=\"6.1.2\" \/><input type=\"hidden\" name=\"_wpcf7_locale\" value=\"en_US\" \/><input type=\"hidden\" name=\"_wpcf7_unit_tag\" value=\"wpcf7-f5-o1\" \/><input type=\"hidden\" name=\"_wpcf7_container_post\" value=\"0\" \/><input type=\"hidden\" name=\"_wpcf7_posted_data_hash\" value=\"\" \/><input type=\"hidden\" name=\"_wpcf7_recaptcha_response\" value=\"\" \/>\n<\/fieldset>\n<div>\n\t<div class=\"mkdf-grid-row mkdf-grid-normal-gutter\">\n\t\t<div class=\"mkdf-grid-col-3\">\n\t\t\t<p><span class=\"wpcf7-form-control-wrap\" data-name=\"text\"><input size=\"40\" maxlength=\"400\" class=\"wpcf7-form-control wpcf7-text\" aria-invalid=\"false\" placeholder=\"Nome\" value=\"\" type=\"text\" name=\"text\" \/><\/span>\n\t\t\t<\/p>\n\t\t<\/div>\n\t\t<div class=\"mkdf-grid-col-3\">\n\t\t\t<p><span class=\"wpcf7-form-control-wrap\" data-name=\"email\"><input size=\"40\" maxlength=\"400\" class=\"wpcf7-form-control wpcf7-email wpcf7-validates-as-required wpcf7-text wpcf7-validates-as-email\" aria-required=\"true\" aria-invalid=\"false\" placeholder=\"E-mail\" value=\"\" type=\"email\" name=\"email\" \/><\/span>\n\t\t\t<\/p>\n\t\t<\/div>\n\t\t<div class=\"mkdf-grid-col-3\">\n\t\t\t<p><span class=\"wpcf7-form-control-wrap\" data-name=\"text\"><input size=\"40\" maxlength=\"400\" class=\"wpcf7-form-control wpcf7-text\" aria-invalid=\"false\" placeholder=\"Mensagem\" value=\"\" type=\"text\" name=\"text\" \/><\/span>\n\t\t\t<\/p>\n\t\t<\/div>\n\t\t<div class=\"mkdf-grid-col-3\">\n\t\t\t<p><input class=\"wpcf7-form-control wpcf7-submit has-spinner\" type=\"submit\" value=\"ENVIAR\" \/>\n\t\t\t<\/p>\n\t\t<\/div>\n\t<\/div>\n<\/div><div class=\"wpcf7-response-output\" aria-hidden=\"true\"><\/div>\n<\/form>\n<\/div>\n[\/vc_column][\/vc_row][vc_row content_placement=&#8221;top&#8221; row_content_width=&#8221;grid&#8221; content_text_aligment=&#8221;left&#8221; css=&#8221;.vc_custom_1524747980932{padding-top: 139px !important;padding-bottom: 49px !important;}&#8221;][vc_column offset=&#8221;vc_col-lg-offset-0 vc_col-lg-5 vc_col-md-offset-0 vc_col-md-12 vc_col-sm-offset-0 vc_col-xs-12&#8243; css=&#8221;.vc_custom_1526029383754{padding-right: 10% !important;}&#8221;][vc_empty_space height=&#8221;11px&#8221;]\n<div class=\"wpcf7 no-js\" id=\"wpcf7-f447-o2\" lang=\"en-US\" dir=\"ltr\" data-wpcf7-id=\"447\">\n<div class=\"screen-reader-response\"><p role=\"status\" aria-live=\"polite\" aria-atomic=\"true\"><\/p> <ul><\/ul><\/div>\n<form action=\"\/site\/wp-json\/wp\/v2\/pages\/448#wpcf7-f447-o2\" method=\"post\" class=\"wpcf7-form init\" aria-label=\"Contact form\" novalidate=\"novalidate\" data-status=\"init\">\n<fieldset class=\"hidden-fields-container\"><input type=\"hidden\" name=\"_wpcf7\" value=\"447\" \/><input type=\"hidden\" name=\"_wpcf7_version\" value=\"6.1.2\" \/><input type=\"hidden\" name=\"_wpcf7_locale\" value=\"en_US\" \/><input type=\"hidden\" name=\"_wpcf7_unit_tag\" value=\"wpcf7-f447-o2\" \/><input type=\"hidden\" name=\"_wpcf7_container_post\" value=\"0\" \/><input type=\"hidden\" name=\"_wpcf7_posted_data_hash\" value=\"\" \/><input type=\"hidden\" name=\"_wpcf7_recaptcha_response\" value=\"\" \/>\n<\/fieldset>\n<div class=\"mkdf-grid-row mkdf-grid-small-gutter\">\n\t<div class=\"mkdf-grid-col-12\">\n\t\t<p><span class=\"wpcf7-form-control-wrap\" data-name=\"your-name\"><input size=\"40\" maxlength=\"400\" class=\"wpcf7-form-control wpcf7-text wpcf7-validates-as-required\" aria-required=\"true\" aria-invalid=\"false\" placeholder=\"Nome\" value=\"\" type=\"text\" name=\"your-name\" \/><\/span>\n\t\t<\/p>\n\t<\/div>\n\t<div class=\"mkdf-grid-col-12\">\n\t\t<p><span class=\"wpcf7-form-control-wrap\" data-name=\"email\"><input size=\"40\" maxlength=\"400\" class=\"wpcf7-form-control wpcf7-email wpcf7-validates-as-required wpcf7-text wpcf7-validates-as-email\" aria-required=\"true\" aria-invalid=\"false\" placeholder=\"Email\" value=\"\" type=\"email\" name=\"email\" \/><\/span>\n\t\t<\/p>\n\t<\/div>\n\t<div class=\"mkdf-grid-col-12\">\n\t\t<p><span class=\"wpcf7-form-control-wrap\" data-name=\"your-message\"><textarea cols=\"40\" rows=\"10\" maxlength=\"2000\" class=\"wpcf7-form-control wpcf7-textarea\" aria-invalid=\"false\" placeholder=\"Escreva a Mensahgem...\" name=\"your-message\"><\/textarea><\/span>\n\t\t<\/p>\n\t<\/div>\n\t<div class=\"mkdf-grid-col-12\">\n\t\t<p><input class=\"wpcf7-form-control wpcf7-submit has-spinner\" type=\"submit\" value=\"Enviar\" \/>\n\t\t<\/p>\n\t<\/div>\n<\/div><div class=\"wpcf7-response-output\" aria-hidden=\"true\"><\/div>\n<\/form>\n<\/div>\n[vc_empty_space height=&#8221;68px&#8221;][\/vc_column][vc_column offset=&#8221;vc_col-lg-6 vc_col-md-12&#8243;][vc_column_text]<\/p>\n<h3>Info Contato<\/h3>\n<p>[\/vc_column_text][vc_column_text]Se voc\u00ea precisar de mais informa\u00e7\u00f5es, n\u00e3o se acanhe e envie hoje mesmo uma solicita\u00e7\u00e3o de contato. Nossa equipe ter\u00e1 o maior prazer em atende-la.<\/p>\n<p>Vamos l\u00e1.[\/vc_column_text]<div class=\"mkdf-elements-holder   mkdf-one-column  mkdf-responsive-mode-768 \" ><div class=\"mkdf-eh-item    \"  data-item-class=\"mkdf-eh-custom-3508\" data-1366-1600=\"43px 59% 65px 0px\" data-1024-1366=\"43px 47% 55px 0px\" data-768-1024=\"43px 66% 55px 0px\" data-680-768=\"43px 54% 55px 0px\" data-680=\"43px 0% 55px 0px\">\n    <div class=\"mkdf-eh-item-inner\">\n        <div class=\"mkdf-eh-item-content mkdf-eh-custom-3508\" style=\"padding: 43px 56% 65px 0px\">\n            <div class=\"mkdf-iwt clearfix  mkdf-iwt-icon-left mkdf-iwt-icon-small\">\n    <div class=\"mkdf-iwt-icon\">\n                <a itemprop=\"url\" href=\"https:\/\/www.google.com.br\/maps\/place\/Av.+Anhanguera,+388+-+Jardim+Bandeirantes,+S%C3%A3o+Roque+-+SP,+18134-240\/@-23.521951,-47.1342919,17z\/data=!3m1!4b1!4m5!3m4!1s0x94cf12ac16c47e2b:0x4014c29b626d8e37!8m2!3d-23.5219559!4d-47.1321032\" target=\"_blank\" rel=\"nofollow noopener\">\n                                            <span class=\"mkdf-icon-shortcode mkdf-normal   mkdf-icon-small\"  >\n                    <i class=\"mkdf-icon-font-awesome fa fa-map-marker mkdf-icon-element\" style=\"font-size:20px\" ><\/i>                <\/span>\n                                    <\/a>\n        <\/div>\n    <div class=\"mkdf-iwt-content\" style=\"padding-left: 23px\">\n                    <p class=\"mkdf-iwt-text\" style=\"margin-top: 5px\">Av. Anhanguera 388 - jardim Bandeirantes - S\u00e3o Roque, SP<\/p>\n    <\/div>\n<\/div>[vc_empty_space height=&#8221;21px&#8221;]<div class=\"mkdf-iwt clearfix  mkdf-iwt-icon-left mkdf-iwt-icon-small\">\n    <div class=\"mkdf-iwt-icon\">\n                <a itemprop=\"url\" href=\"mailto:info@realcecia.com.br\" target=\"_self\">\n                                            <span class=\"mkdf-icon-shortcode mkdf-normal   mkdf-icon-small\"  >\n                    <i class=\"mkdf-icon-font-awesome fa fa-envelope mkdf-icon-element\" style=\"font-size:20px\" ><\/i>                <\/span>\n                                    <\/a>\n        <\/div>\n    <div class=\"mkdf-iwt-content\" style=\"padding-left: 14px\">\n                    <p class=\"mkdf-iwt-text\" style=\"margin-top: 5px\">info@realcecia.com.br<\/p>\n    <\/div>\n<\/div><div class=\"mkdf-iwt clearfix  mkdf-iwt-icon-left mkdf-iwt-icon-small\">\n    <div class=\"mkdf-iwt-icon\">\n                <a itemprop=\"url\" href=\"tel:11974218187\" target=\"_self\">\n                                            <span class=\"mkdf-icon-shortcode mkdf-normal   mkdf-icon-small\"  >\n                    <i class=\"mkdf-icon-font-awesome fa fa-phone mkdf-icon-element\" style=\"font-size:20px\" ><\/i>                <\/span>\n                                    <\/a>\n        <\/div>\n    <div class=\"mkdf-iwt-content\" style=\"padding-left: 19px\">\n                    <p class=\"mkdf-iwt-text\" style=\"margin-top: 5px\">11 97421 8187<\/p>\n    <\/div>\n<\/div>        <\/div>\n    <\/div>\n<\/div><\/div>[\/vc_column][\/vc_row][vc_row][vc_column][\/vc_column][\/vc_row]<\/p>\n","protected":false},"excerpt":{"rendered":"<p>[vc_row][vc_column][\/vc_column][\/vc_row][vc_row row_content_width=&#8221;grid&#8221; simple_background_color=&#8221;#141414&#8243; css=&#8221;.vc_custom_1524135464038{padding-top: 75px !important;padding-bottom: 59px !important;}&#8221;][vc_column][\/vc_column][\/vc_row][vc_row content_placement=&#8221;top&#8221; row_content_width=&#8221;grid&#8221; content_text_aligment=&#8221;left&#8221; css=&#8221;.vc_custom_1524747980932{padding-top: 139px !important;padding-bottom: 49px !important;}&#8221;][vc_column offset=&#8221;vc_col-lg-offset-0 vc_col-lg-5 vc_col-md-offset-0 vc_col-md-12 vc_col-sm-offset-0 vc_col-xs-12&#8243; css=&#8221;.vc_custom_1526029383754{padding-right: 10% !important;}&#8221;][vc_empty_space height=&#8221;11px&#8221;][vc_empty_space height=&#8221;68px&#8221;][\/vc_column][vc_column offset=&#8221;vc_col-lg-6 vc_col-md-12&#8243;][vc_column_text] Info Contato [\/vc_column_text][vc_column_text]Se voc\u00ea precisar de mais informa\u00e7\u00f5es, n\u00e3o se acanhe [&hellip;]<\/p>\n","protected":false},"author":1,"featured_media":0,"parent":0,"menu_order":0,"comment_status":"closed","ping_status":"closed","template":"full-width.php","meta":{"footnotes":""},"class_list":["post-448","page","type-page","status-publish","hentry"],"_links":{"self":[{"href":"https:\/\/www.realcecia.com.br\/site\/wp-json\/wp\/v2\/pages\/448","targetHints":{"allow":["GET"]}}],"collection":[{"href":"https:\/\/www.realcecia.com.br\/site\/wp-json\/wp\/v2\/pages"}],"about":[{"href":"https:\/\/www.realcecia.com.br\/site\/wp-json\/wp\/v2\/types\/page"}],"author":[{"embeddable":true,"href":"https:\/\/www.realcecia.com.br\/site\/wp-json\/wp\/v2\/users\/1"}],"replies":[{"embeddable":true,"href":"https:\/\/www.realcecia.com.br\/site\/wp-json\/wp\/v2\/comments?post=448"}],"version-history":[{"count":0,"href":"https:\/\/www.realcecia.com.br\/site\/wp-json\/wp\/v2\/pages\/448\/revisions"}],"wp:attachment":[{"href":"https:\/\/www.realcecia.com.br\/site\/wp-json\/wp\/v2\/media?parent=448"}],"curies":[{"name":"wp","href":"https:\/\/api.w.org\/{rel}","templated":true}]}}